{"id":2186,"date":"2024-12-02T14:32:54","date_gmt":"2024-12-02T14:32:54","guid":{"rendered":"https:\/\/dygistic.com\/?page_id=2186"},"modified":"2024-12-04T14:40:17","modified_gmt":"2024-12-04T14:40:17","slug":"tools-integratie","status":"publish","type":"page","link":"https:\/\/dygistic.com\/nl\/diensten\/marketingautomatisering\/tools-integratie\/","title":{"rendered":"Gereedschap Integratie"},"content":{"rendered":"<div class=\"nfd-pt-lg nfd-theme-dark nfd-bg-surface nfd-wb-hero__hero-12 is-style-nfd-theme-dark wp-block-group alignfull nfd-bg-effect-grid is-layout-constrained wp-block-group-is-layout-constrained\">\n<div class=\"nfd-gap-4xl wp-block-group is-vertical is-content-justification-center is-layout-flex wp-container-core-group-is-layout-ce155fab wp-block-group-is-layout-flex\">\n<div class=\"nfd-container wp-block-group is-layout-constrained wp-block-group-is-layout-constrained\">\n<div class=\"nfd-gap-xl wp-block-group is-vertical is-content-justification-center is-layout-flex wp-container-core-group-is-layout-f9a93ed8 wp-block-group-is-layout-flex\">\n<div style=\"height:0px\" aria-hidden=\"true\" class=\"wp-block-spacer wp-container-content-273e683f\"><\/div>\n\n\n\n<div class=\"wp-block-group is-nowrap is-layout-flex wp-container-core-group-is-layout-6c531013 wp-block-group-is-layout-flex\">\n<div class=\"nfd-rounded-full nfd-bg-subtle wp-block-group is-layout-constrained wp-container-core-group-is-layout-c4486197 wp-block-group-is-layout-constrained\" style=\"padding-top:6px;padding-right:16px;padding-bottom:6px;padding-left:16px\">\n<p class=\"nfd-text-xs\" style=\"font-style:normal;font-weight:600;text-transform:uppercase\">Dygistic<\/p>\n<\/div>\n<\/div>\n\n\n\n<h1 class=\"nfd-text-giga nfd-text-contrast nfd-text-balance wp-block-heading has-text-align-center has-text-color has-link-color has-larger-font-size wp-elements-3ab4a975cdeec55270084638f60df0b2\" style=\"color:#ffffff\"><strong>Optimaliseer uw activiteiten met integratie van tools<\/strong><\/h1>\n\n\n\n<p class=\"nfd-text-md nfd-text-balance nfd-text-faded has-text-align-center\">Maximaliseer de effici\u00ebntie en datagestuurde besluitvorming met de Tools Integration services van Dygistic. Van Google Analytics tot Looker Studio, wij zorgen ervoor dat uw tools naadloos samenwerken.<\/p>\n<\/div>\n\n\n\n<figure class=\"nfd-rounded-t-xl is-style-default wp-block-image aligncenter size-large is-resized\"><img decoding=\"async\" width=\"1024\" height=\"681\" src=\"https:\/\/dygistic.com\/wp-content\/uploads\/2024\/11\/data-visuals-1024x681.jpg\" alt=\"Soorten visuele gegevens\" class=\"wp-image-1498\" style=\"aspect-ratio:1.7777777777777777;object-fit:cover;width:549px;height:auto\" srcset=\"https:\/\/dygistic.com\/wp-content\/uploads\/2024\/11\/data-visuals-1024x681.jpg 1024w, https:\/\/dygistic.com\/wp-content\/uploads\/2024\/11\/data-visuals-300x199.jpg 300w, https:\/\/dygistic.com\/wp-content\/uploads\/2024\/11\/data-visuals-768x510.jpg 768w, https:\/\/dygistic.com\/wp-content\/uploads\/2024\/11\/data-visuals-1536x1021.jpg 1536w, https:\/\/dygistic.com\/wp-content\/uploads\/2024\/11\/data-visuals-2048x1361.jpg 2048w, https:\/\/dygistic.com\/wp-content\/uploads\/2024\/11\/data-visuals-520x345.jpg 520w\" sizes=\"(max-width: 1024px) 100vw, 1024px\" \/><\/figure>\n<\/div>\n<\/div>\n<\/div>\n\n\n\n<h2 class=\"wp-block-heading\"><strong>Wat is Tools Integratie?<\/strong><\/h2>\n\n\n\n<p class=\"\">Tools integreren houdt in dat verschillende bedrijfsplatforms en tools met elkaar worden verbonden om workflows te stroomlijnen, de samenwerking te verbeteren en de nauwkeurigheid van gegevens te vergroten. Of het nu gaat om de integratie van Google Tag Manager met uw website of het maken van uitgebreide dashboards in Looker Studio, onze oplossingen zorgen ervoor dat uw tools effectief communiceren.<br>Dygistic is gespecialiseerd in het implementeren en integreren van tools die aansluiten op uw bedrijfsbehoeften, zodat u een uniform en effici\u00ebnt systeem krijgt dat betere resultaten oplevert.<\/p>\n\n\n\n<div class=\"nfd-container nfd-p-lg nfd-theme-white nfd-bg-surface nfd-wb-features__features-1 is-style-nfd-theme-white wp-block-group is-layout-constrained wp-block-group-is-layout-constrained\">\n<h2 class=\"wp-block-heading\"><strong>Waarom integratie van tools belangrijk is<\/strong><\/h2>\n\n\n\n<div class=\"nfd-gap-xl wp-block-columns is-layout-flex wp-container-core-columns-is-layout-28f84493 wp-block-columns-is-layout-flex\">\n<div class=\"subtopic wp-block-column is-layout-flow wp-block-column-is-layout-flow\">\n<div class=\"nfd-gap-md nfd-text-balance nfd-text-faded nfd-text-base wp-block-group is-vertical is-layout-flex wp-container-core-group-is-layout-fe9cc265 wp-block-group-is-layout-flex\">\n<div class=\"nfd-gap-0 wp-block-group is-vertical is-layout-flex wp-container-core-group-is-layout-fe9cc265 wp-block-group-is-layout-flex\">\n<h3 class=\"nfd-text-md nfd-text-contrast wp-block-heading\" style=\"font-style:normal;font-weight:500\"><strong>Gestroomlijnde workflows<\/strong><\/h3>\n<\/div>\n\n\n\n<p class=\"\">Door uw tools met elkaar te verbinden, vermindert u handmatige inspanningen en zorgt u ervoor dat gegevens naadloos tussen platforms stromen.<\/p>\n<\/div>\n<\/div>\n\n\n\n<div class=\"subtopic wp-block-column is-layout-flow wp-block-column-is-layout-flow\">\n<div class=\"nfd-gap-md nfd-text-balance nfd-text-faded nfd-text-base wp-block-group is-vertical is-layout-flex wp-container-core-group-is-layout-fe9cc265 wp-block-group-is-layout-flex\">\n<div class=\"nfd-gap-0 wp-block-group is-vertical is-layout-flex wp-container-core-group-is-layout-fe9cc265 wp-block-group-is-layout-flex\">\n<h3 class=\"nfd-text-md nfd-text-contrast wp-block-heading\" style=\"font-style:normal;font-weight:500\"><strong>Verbeterde nauwkeurigheid van gegevens<\/strong><\/h3>\n<\/div>\n\n\n\n<p class=\"\">Ge\u00efntegreerde tools elimineren datasilo's en bieden \u00e9\u00e9n enkele bron van waarheid voor besluitvorming.<\/p>\n<\/div>\n<\/div>\n\n\n\n<div class=\"subtopic wp-block-column is-layout-flow wp-block-column-is-layout-flow\">\n<div class=\"nfd-gap-md nfd-text-balance nfd-text-faded nfd-text-base wp-block-group is-vertical is-layout-flex wp-container-core-group-is-layout-fe9cc265 wp-block-group-is-layout-flex\">\n<div class=\"nfd-gap-0 wp-block-group is-vertical is-layout-flex wp-container-core-group-is-layout-fe9cc265 wp-block-group-is-layout-flex\">\n<h3 class=\"nfd-text-md nfd-text-contrast wp-block-heading\" style=\"font-style:normal;font-weight:500\"><strong>Verbeterde samenwerking<\/strong><\/h3>\n<\/div>\n\n\n\n<p class=\"\">Dankzij uniforme systemen kunnen teams effici\u00ebnter werken en inzichten en updates in realtime delen.<\/p>\n<\/div>\n<\/div>\n<\/div>\n<\/div>\n\n\n\n<div class=\"nfd-container nfd-p-lg nfd-wb-features__features-8 wp-block-group is-layout-constrained wp-block-group-is-layout-constrained\">\n<div class=\"nfd-text-base nfd-gap-3xl wp-block-columns are-vertically-aligned-center is-layout-flex wp-container-core-columns-is-layout-28f84493 wp-block-columns-is-layout-flex\">\n<div class=\"md:nfd-order-2 nfd-text-md wp-block-column is-vertically-aligned-center is-layout-flow wp-container-core-column-is-layout-8eebadab wp-block-column-is-layout-flow\" style=\"flex-basis:50%\">\n<div class=\"nfd-gap-lg wp-block-group is-vertical is-content-justification-stretch is-layout-flex wp-container-core-group-is-layout-353c4f5a wp-block-group-is-layout-flex\">\n<p class=\"nfd-text-sm nfd-text-primary has-text-align-left\" style=\"font-style:normal;font-weight:500;letter-spacing:0.05em;text-transform:uppercase\"><strong>Waarom Dygistic vertrouwen met uw Tools Integratie?<\/strong><\/p>\n\n\n\n<h2 class=\"nfd-text-xl nfd-text-contrast nfd-text-balance wp-block-heading\">Stroomlijn uw marketing met naadloze toolverbindingen<\/h2>\n\n\n\n<div class=\"wp-block-group is-vertical is-content-justification-stretch is-layout-flex wp-container-core-group-is-layout-353c4f5a wp-block-group-is-layout-flex\">\n<p class=\"\">Met expertise in platformen zoals Google Analytics, Looker Studio en Tag Manager, levert Dygistic integratieoplossingen op maat die aansluiten bij uw bedrijfsdoelstellingen. Ons team zorgt ervoor dat uw tools zijn ingesteld voor optimale prestaties en biedt gedetailleerde configuraties en voortdurende ondersteuning om uw activiteiten soepel te laten verlopen.<\/p>\n\n\n\n<div style=\"height:0px\" aria-hidden=\"true\" class=\"wp-block-spacer wp-container-content-7cd39ab2\"><\/div>\n<\/div>\n<\/div>\n<\/div>\n\n\n\n<div class=\"wp-block-column is-vertically-aligned-center is-layout-flow wp-container-core-column-is-layout-8a368f38 wp-block-column-is-layout-flow\" style=\"flex-basis:50%\">\n<figure class=\"nfd-rounded wp-block-image size-large\"><img decoding=\"async\" width=\"1024\" height=\"684\" src=\"https:\/\/dygistic.com\/wp-content\/uploads\/2024\/11\/data-dashboard-1024x684.jpg\" alt=\"Dashboard met verschillende gegevenselementen\" class=\"wp-image-1497\" style=\"aspect-ratio:1;object-fit:cover\" srcset=\"https:\/\/dygistic.com\/wp-content\/uploads\/2024\/11\/data-dashboard-1024x684.jpg 1024w, https:\/\/dygistic.com\/wp-content\/uploads\/2024\/11\/data-dashboard-300x200.jpg 300w, https:\/\/dygistic.com\/wp-content\/uploads\/2024\/11\/data-dashboard-768x513.jpg 768w, https:\/\/dygistic.com\/wp-content\/uploads\/2024\/11\/data-dashboard-1536x1025.jpg 1536w, https:\/\/dygistic.com\/wp-content\/uploads\/2024\/11\/data-dashboard-2048x1367.jpg 2048w\" sizes=\"(max-width: 1024px) 100vw, 1024px\" \/><\/figure>\n<\/div>\n<\/div>\n<\/div>\n\n\n\n<div class=\"nfd-container nfd-p-lg nfd-theme-white nfd-bg-surface nfd-wb-features__features-18 is-style-nfd-theme-white wp-block-group has-background is-layout-constrained wp-block-group-is-layout-constrained\" style=\"background:linear-gradient(135deg,rgb(27,102,29) 0%,rgb(153,131,195) 100%)\">\n<div class=\"nfd-gap-lg wp-block-group is-vertical is-content-justification-center is-layout-flex wp-container-core-group-is-layout-fa38c63a wp-block-group-is-layout-flex\">\n<div class=\"wp-block-group is-nowrap is-layout-flex wp-container-core-group-is-layout-6c531013 wp-block-group-is-layout-flex\">\n<div class=\"nfd-shadow-xs nfd-rounded-full is-style-nfd-theme-white wp-block-group is-layout-constrained wp-container-core-group-is-layout-c4486197 wp-block-group-is-layout-constrained\" style=\"padding-top:6px;padding-right:16px;padding-bottom:6px;padding-left:16px\">\n<p class=\"nfd-text-xs\" style=\"font-style:normal;font-weight:600;text-transform:uppercase\"><strong>Hoe werkt Dygistic?<\/strong><\/p>\n<\/div>\n<\/div>\n\n\n\n<h2 class=\"wp-block-heading nfd-text-huge nfd-text-contrast nfd-text-balance has-text-align-center has-ast-global-color-5-color has-text-color has-link-color wp-elements-3726d24a34793c3b3814c28c15ea0fbe\">Ons integratieproces<\/h2>\n<\/div>\n\n\n\n<div style=\"height:32px\" aria-hidden=\"true\" class=\"wp-block-spacer\"><\/div>\n\n\n\n<div class=\"nfd-text-base  wp-block-columns is-layout-flex wp-container-core-columns-is-layout-c8ed38b0 wp-block-columns-is-layout-flex\">\n<div class=\"wp-block-column is-vertically-aligned-stretch is-layout-flow wp-block-column-is-layout-flow\">\n<div class=\"subtopic wp-block-group is-vertical is-content-justification-left is-layout-flex wp-container-core-group-is-layout-dd225191 wp-block-group-is-layout-flex\" style=\"border-top-left-radius:20px;border-top-right-radius:0px;border-bottom-left-radius:0px;border-bottom-right-radius:0px\">\n<h3 class=\"nfd-text-md nfd-text-contrast wp-block-heading has-text-align-left\" style=\"font-style:normal;font-weight:500\"><strong>Hulpmiddelenaudit en aanbevelingen<\/strong><\/h3>\n\n\n\n<p class=\"nfd-text-balance nfd-text-faded  has-text-align-left\">We beginnen met het analyseren van uw bestaande tools om hiaten en mogelijkheden voor integratie te identificeren.<\/p>\n<\/div>\n<\/div>\n\n\n\n<div class=\"wp-block-column is-vertically-aligned-stretch is-layout-flow wp-block-column-is-layout-flow\">\n<div class=\"subtopic wp-block-group is-vertical is-content-justification-left is-layout-flex wp-container-core-group-is-layout-dd225191 wp-block-group-is-layout-flex\">\n<h3 class=\"nfd-text-md nfd-text-contrast wp-block-heading has-text-align-left\" style=\"font-style:normal;font-weight:500\"><strong>Implementatie en configuratie<\/strong><\/h3>\n\n\n\n<p class=\"nfd-text-balance nfd-text-faded  has-text-align-left\">Van het instellen van Google Tag Manager tot het ontwerpen van Looker Studio dashboards, wij zorgen voor de technische setup en configuratie.<\/p>\n<\/div>\n<\/div>\n\n\n\n<div class=\"wp-block-column is-vertically-aligned-stretch is-layout-flow wp-block-column-is-layout-flow\">\n<div class=\"subtopic wp-block-group is-vertical is-content-justification-left is-layout-flex wp-container-core-group-is-layout-dd225191 wp-block-group-is-layout-flex\" style=\"border-top-left-radius:0px;border-top-right-radius:20px;border-bottom-left-radius:0px;border-bottom-right-radius:0px\">\n<h3 class=\"nfd-text-md nfd-text-contrast wp-block-heading has-text-align-left\" style=\"font-style:normal;font-weight:500\"><strong>Training en ondersteuning<\/strong><\/h3>\n\n\n\n<p class=\"nfd-text-balance nfd-text-faded  has-text-align-left\">We bieden begeleiding en voortdurende ondersteuning om ervoor te zorgen dat je team maximaal profiteert van de ge\u00efntegreerde tools.<\/p>\n<\/div>\n<\/div>\n<\/div>\n<\/div>\n\n\n\n<div class=\"nfd-container nfd-p-lg nfd-theme-white nfd-bg-surface nfd-wb-features__features-21 is-style-nfd-theme-white wp-block-group is-layout-constrained wp-block-group-is-layout-constrained\">\n<div class=\"nfd-gap-3xl nfd-gap-y-2xl wp-block-columns are-vertically-aligned-center is-layout-flex wp-container-core-columns-is-layout-28f84493 wp-block-columns-is-layout-flex\">\n<div class=\"md:nfd-order-2 wp-block-column is-vertically-aligned-center is-layout-flow wp-block-column-is-layout-flow\" style=\"flex-basis:40%\">\n<div class=\"nfd-gap-lg wp-block-group is-vertical is-layout-flex wp-container-core-group-is-layout-fe9cc265 wp-block-group-is-layout-flex\">\n<h3 class=\"nfd-text-xl nfd-text-contrast nfd-text-balance wp-block-heading\"><strong>Supercharge uw bedrijf met de Tools Integratie Services van Dygistic<\/strong><\/h3>\n\n\n\n<p class=\"nfd-text-balance\">Klaar om uw tools samen te brengen? Dygistic's Tools Integratie diensten stroomlijnen uw workflows en verbeteren uw datagedreven strategie\u00ebn.<\/p>\n\n\n\n<div class=\"wp-block-buttons is-content-justification-left is-layout-flex wp-container-core-buttons-is-layout-fc4fd283 wp-block-buttons-is-layout-flex\">\n<div class=\"is-style-fill wp-block-button\"><a class=\"wp-block-button__link wp-element-button\" href=\"https:\/\/dygistic.com\/nl\/contact\/\">Begin nu!<\/a><\/div>\n<\/div>\n\n\n\n<div style=\"height:0px\" aria-hidden=\"true\" class=\"wp-block-spacer wp-container-content-9760934e\"><\/div>\n<\/div>\n<\/div>\n\n\n\n<div class=\"wp-block-column is-vertically-aligned-center is-layout-flow wp-container-core-column-is-layout-8a368f38 wp-block-column-is-layout-flow\">\n<div class=\"wp-block-cover has-custom-content-position is-position-bottom-right\" style=\"padding-top:0px;padding-right:24px;padding-bottom:0px;padding-left:24px;min-height:500px;aspect-ratio:unset;\"><span aria-hidden=\"true\" class=\"wp-block-cover__background has-background-dim-100 has-background-dim wp-block-cover__gradient-background has-background-gradient\" style=\"background:linear-gradient(0deg,rgb(255,255,255) 7%,rgba(255,255,255,0) 7%)\"><\/span><img decoding=\"async\" class=\"wp-block-cover__image-background\" alt=\"\" src=\"https:\/\/images.unsplash.com\/photo-1568992687947-868a62a9f521?ixlib=rb-4.0.3&amp;ixid=MnwxMjA3fDB8MHxwaG90by1wYWdlfHx8fGVufDB8fHx8&amp;auto=format&amp;fit=crop&amp;q=80&amp;w=700&amp;h=700&amp;crop=\" style=\"object-position:55% 100%\" data-object-fit=\"cover\" data-object-position=\"55% 100%\"\/><div class=\"wp-block-cover__inner-container is-layout-flow wp-block-cover-is-layout-flow\">\n<div class=\"nfd-p-card-lg is-style-nfd-theme-darker wp-block-group nfd-bg-effect-grid is-vertical is-layout-flex wp-container-core-group-is-layout-fe9cc265 wp-block-group-is-layout-flex\" style=\"border-radius:0px;font-style:normal;font-weight:500\">\n<p class=\"has-ast-global-color-5-color has-text-color has-link-color wp-elements-17454cd50b24db98719ecc80c20c1db5\" style=\"line-height:2\"><span style=\"margin-right: 4px\">\u2713 <\/span>Integreer Google Analytics naadloos met Looker Studio<br><span style=\"margin-right: 4px\">\u2713 <\/span>Workflows stroomlijnen voor betere gegevensanalyse<br><span style=\"margin-right: 4px\">\u2713 <\/span>Ontsluit bruikbare inzichten met effici\u00ebnte toolverbindingen<\/p>\n<\/div>\n<\/div><\/div>\n<\/div>\n<\/div>\n<\/div>","protected":false},"excerpt":{"rendered":"<p>Dygistic Optimize Your Operations with Tools Integration Maximize efficiency and data-driven decision-making with Dygistic\u2019s Tools Integration services. From Google Analytics [&hellip;]<\/p>\n","protected":false},"author":1,"featured_media":0,"parent":2208,"menu_order":0,"comment_status":"closed","ping_status":"closed","template":"","meta":{"nf_dc_page":"","site-sidebar-layout":"default","site-content-layout":"","ast-site-content-layout":"default","site-content-style":"default","site-sidebar-style":"default","ast-global-header-display":"","ast-banner-title-visibility":"","ast-main-header-display":"","ast-hfb-above-header-display":"","ast-hfb-below-header-display":"","ast-hfb-mobile-header-display":"","site-post-title":"","ast-breadcrumbs-content":"","ast-featured-img":"","footer-sml-layout":"","ast-disable-related-posts":"","theme-transparent-header-meta":"","adv-header-id-meta":"","stick-header-meta":"","header-above-stick-meta":"","header-main-stick-meta":"","header-below-stick-meta":"","astra-migrate-meta-layouts":"default","ast-page-background-enabled":"default","ast-page-background-meta":{"desktop":{"background-color":"var(--ast-global-color-4)","background-image":"","background-repeat":"repeat","background-position":"center center","background-size":"auto","background-attachment":"scroll","background-type":"","background-media":"","overlay-type":"","overlay-color":"","overlay-opacity":"","overlay-gradient":""},"tablet":{"background-color":"","background-image":"","background-repeat":"repeat","background-position":"center center","background-size":"auto","background-attachment":"scroll","background-type":"","background-media":"","overlay-type":"","overlay-color":"","overlay-opacity":"","overlay-gradient":""},"mobile":{"background-color":"","background-image":"","background-repeat":"repeat","background-position":"center center","background-size":"auto","background-attachment":"scroll","background-type":"","background-media":"","overlay-type":"","overlay-color":"","overlay-opacity":"","overlay-gradient":""}},"ast-content-background-meta":{"desktop":{"background-color":"var(--ast-global-color-5)","background-image":"","background-repeat":"repeat","background-position":"center center","background-size":"auto","background-attachment":"scroll","background-type":"","background-media":"","overlay-type":"","overlay-color":"","overlay-opacity":"","overlay-gradient":""},"tablet":{"background-color":"var(--ast-global-color-5)","background-image":"","background-repeat":"repeat","background-position":"center center","background-size":"auto","background-attachment":"scroll","background-type":"","background-media":"","overlay-type":"","overlay-color":"","overlay-opacity":"","overlay-gradient":""},"mobile":{"background-color":"var(--ast-global-color-5)","background-image":"","background-repeat":"repeat","background-position":"center center","background-size":"auto","background-attachment":"scroll","background-type":"","background-media":"","overlay-type":"","overlay-color":"","overlay-opacity":"","overlay-gradient":""}},"footnotes":""},"class_list":["post-2186","page","type-page","status-publish","hentry"],"_links":{"self":[{"href":"https:\/\/dygistic.com\/nl\/wp-json\/wp\/v2\/pages\/2186","targetHints":{"allow":["GET"]}}],"collection":[{"href":"https:\/\/dygistic.com\/nl\/wp-json\/wp\/v2\/pages"}],"about":[{"href":"https:\/\/dygistic.com\/nl\/wp-json\/wp\/v2\/types\/page"}],"author":[{"embeddable":true,"href":"https:\/\/dygistic.com\/nl\/wp-json\/wp\/v2\/users\/1"}],"replies":[{"embeddable":true,"href":"https:\/\/dygistic.com\/nl\/wp-json\/wp\/v2\/comments?post=2186"}],"version-history":[{"count":3,"href":"https:\/\/dygistic.com\/nl\/wp-json\/wp\/v2\/pages\/2186\/revisions"}],"predecessor-version":[{"id":2285,"href":"https:\/\/dygistic.com\/nl\/wp-json\/wp\/v2\/pages\/2186\/revisions\/2285"}],"up":[{"embeddable":true,"href":"https:\/\/dygistic.com\/nl\/wp-json\/wp\/v2\/pages\/2208"}],"wp:attachment":[{"href":"https:\/\/dygistic.com\/nl\/wp-json\/wp\/v2\/media?parent=2186"}],"curies":[{"name":"wp","href":"https:\/\/api.w.org\/{rel}","templated":true}]}}